{"id":2136,"date":"2023-12-05T15:09:14","date_gmt":"2023-12-05T15:09:14","guid":{"rendered":"https:\/\/vvcom.nl\/vv-com-ihr-rohstoff-ist-unsere-herausforderung\/"},"modified":"2023-12-14T13:26:53","modified_gmt":"2023-12-14T13:26:53","slug":"home","status":"publish","type":"page","link":"https:\/\/vvcom.nl\/de\/","title":{"rendered":"Home"},"content":{"rendered":"\n<p>VV COM handelt im Auftrag ihrer Kunden und deckt die mit dem Kauf und Verkauf von Positionen verbundenen Risiken ab. Mit \u00fcber 30 Jahren Erfahrung ist VV COM allseits bekannt f\u00fcr ihre Kundenorientierung, Zuverl\u00e4ssigkeit und Kompetenz. Unsere St\u00e4rke kommt vor allem durch unser umfangreiches internationales Netzwerk von Industrien, Abnehmern und H\u00e4ndlern zum Tragen.<\/p>\n\n\n\n<p>Unsere Kunden werden laufend \u00fcber die neuesten Entwicklungen und Chancen auf dem Rohstoffmarkt informiert. Auf Grundlage aktueller Informationen treffen wir in Absprache mit unseren Kunden die richtigen Entscheidungen.<\/p>\n","protected":false},"excerpt":{"rendered":"<p>VV COM handelt im Auftrag ihrer Kunden und deckt die mit dem Kauf und Verkauf von Positionen verbundenen Risiken ab. Mit \u00fcber 30 Jahren Erfahrung ist VV COM allseits bekannt f\u00fcr ihre Kundenorientierung, Zuverl\u00e4ssigkeit und Kompetenz. Unsere St\u00e4rke kommt vor allem durch unser umfangreiches internationales Netzwerk von Industrien, Abnehmern und H\u00e4ndlern zum Tragen. Unsere Kunden&hellip;<\/p>\n","protected":false},"author":1,"featured_media":0,"parent":0,"menu_order":0,"comment_status":"closed","ping_status":"closed","template":"","meta":{"_acf_changed":false,"footnotes":""},"class_list":["post-2136","page","type-page","status-publish","hentry"],"acf":[],"_links":{"self":[{"href":"https:\/\/vvcom.nl\/de\/wp-json\/wp\/v2\/pages\/2136","targetHints":{"allow":["GET"]}}],"collection":[{"href":"https:\/\/vvcom.nl\/de\/wp-json\/wp\/v2\/pages"}],"about":[{"href":"https:\/\/vvcom.nl\/de\/wp-json\/wp\/v2\/types\/page"}],"author":[{"embeddable":true,"href":"https:\/\/vvcom.nl\/de\/wp-json\/wp\/v2\/users\/1"}],"replies":[{"embeddable":true,"href":"https:\/\/vvcom.nl\/de\/wp-json\/wp\/v2\/comments?post=2136"}],"version-history":[{"count":6,"href":"https:\/\/vvcom.nl\/de\/wp-json\/wp\/v2\/pages\/2136\/revisions"}],"predecessor-version":[{"id":2203,"href":"https:\/\/vvcom.nl\/de\/wp-json\/wp\/v2\/pages\/2136\/revisions\/2203"}],"wp:attachment":[{"href":"https:\/\/vvcom.nl\/de\/wp-json\/wp\/v2\/media?parent=2136"}],"curies":[{"name":"wp","href":"https:\/\/api.w.org\/{rel}","templated":true}]}}