{"id":2177,"date":"2023-12-06T15:48:11","date_gmt":"2023-12-06T15:48:11","guid":{"rendered":"https:\/\/vvcom.nl\/mission\/"},"modified":"2023-12-14T13:48:21","modified_gmt":"2023-12-14T13:48:21","slug":"mission","status":"publish","type":"page","link":"https:\/\/vvcom.nl\/de\/mission\/","title":{"rendered":"Mission"},"content":{"rendered":"\n<p>Die Weltbev\u00f6lkerung w\u00e4chst kontinuierlich und damit auch die Nachfrage nach Lebensmitteln und Rohstoffen f\u00fcr weitere Verwendungszwecke, darunter Energie. Der internationale Markt f\u00fcr landwirtschaftliche Rohstoffe, der von engagierten Erzeugern weltweit vorangetrieben wird, ist die Basis f\u00fcr unsere Ern\u00e4hrung. Ein Markt, der sich st\u00e4ndig wandelt. Keine Saison ist wie die andere. Die Ertr\u00e4ge unterliegen dem Klimawandel, D\u00fcrren und ergiebigen Regenf\u00e4llen. Die Nachfrage unterliegt unter anderem wechselnden Ern\u00e4hrungsgewohnheiten, dem Einsatz von Rohstoffen, der wirtschaftlichen Entwicklung und eventuellen Produktionsverlagerungen.<\/p>\n\n\n\n<p>Auf diesem dynamischen Markt herrscht ein gro\u00dfer Bedarf an Sicherheit. VV COM bietet diese Sicherheit. Seit \u00fcber 30 Jahren handeln wir weltweit mit Getreide und anderen Rohstoffen. Durch die Streuung der Aktivit\u00e4ten, Transportm\u00f6glichkeiten und Arbeitsgebiete haben wir die Risiken im Griff. Unser Team verf\u00fcgt \u00fcber Hintergrundwissen in den Bereichen Agronomie, \u00d6konometrie und Betriebswirtschaft und hat zudem ein Auge f\u00fcr alle Faktoren, die eine verantwortungsvolle Risikostreuung bei landwirtschaftlichen Rohstoffen gew\u00e4hrleisten. Die Risiken werden dabei sowohl auf den physischen M\u00e4rkten als auch auf den Terminm\u00e4rkten, an den B\u00f6rsen sowie durch Handelspr\u00e4mien abgesichert.<\/p>\n\n\n\n<h3 class=\"wp-block-heading\">Unsere Mission ist daher eine zuverl\u00e4ssige und fundierte Beratung f\u00fcr unsere Kunden.<\/h3>\n","protected":false},"excerpt":{"rendered":"<p>Die Weltbev\u00f6lkerung w\u00e4chst kontinuierlich und damit auch die Nachfrage nach Lebensmitteln und Rohstoffen f\u00fcr weitere Verwendungszwecke, darunter Energie. Der internationale Markt f\u00fcr landwirtschaftliche Rohstoffe, der von engagierten Erzeugern weltweit vorangetrieben wird, ist die Basis f\u00fcr unsere Ern\u00e4hrung. Ein Markt, der sich st\u00e4ndig wandelt. Keine Saison ist wie die andere. Die Ertr\u00e4ge unterliegen dem Klimawandel, D\u00fcrren&hellip;<\/p>\n","protected":false},"author":1,"featured_media":2005,"parent":0,"menu_order":0,"comment_status":"closed","ping_status":"closed","template":"","meta":{"_acf_changed":false,"footnotes":""},"class_list":["post-2177","page","type-page","status-publish","has-post-thumbnail","hentry"],"acf":[],"_links":{"self":[{"href":"https:\/\/vvcom.nl\/de\/wp-json\/wp\/v2\/pages\/2177","targetHints":{"allow":["GET"]}}],"collection":[{"href":"https:\/\/vvcom.nl\/de\/wp-json\/wp\/v2\/pages"}],"about":[{"href":"https:\/\/vvcom.nl\/de\/wp-json\/wp\/v2\/types\/page"}],"author":[{"embeddable":true,"href":"https:\/\/vvcom.nl\/de\/wp-json\/wp\/v2\/users\/1"}],"replies":[{"embeddable":true,"href":"https:\/\/vvcom.nl\/de\/wp-json\/wp\/v2\/comments?post=2177"}],"version-history":[{"count":2,"href":"https:\/\/vvcom.nl\/de\/wp-json\/wp\/v2\/pages\/2177\/revisions"}],"predecessor-version":[{"id":2251,"href":"https:\/\/vvcom.nl\/de\/wp-json\/wp\/v2\/pages\/2177\/revisions\/2251"}],"wp:featuredmedia":[{"embeddable":true,"href":"https:\/\/vvcom.nl\/de\/wp-json\/wp\/v2\/media\/2005"}],"wp:attachment":[{"href":"https:\/\/vvcom.nl\/de\/wp-json\/wp\/v2\/media?parent=2177"}],"curies":[{"name":"wp","href":"https:\/\/api.w.org\/{rel}","templated":true}]}}