{"id":2179,"date":"2023-12-12T14:30:07","date_gmt":"2023-12-12T14:30:07","guid":{"rendered":"https:\/\/vvcom.nl\/ueber-uns\/"},"modified":"2023-12-14T13:49:17","modified_gmt":"2023-12-14T13:49:17","slug":"ueber-uns","status":"publish","type":"page","link":"https:\/\/vvcom.nl\/de\/ueber-uns\/","title":{"rendered":"\u00dcber uns"},"content":{"rendered":"\n<p>Seit Anfang der 1990er Jahre ist VV COM als Vermittler im globalen Rohstoffhandel mit dem Schwerpunkt Getreide t\u00e4tig. Wir verf\u00fcgen \u00fcber ein internationales und erfahrenes Team, ein umfangreiches Netzwerk und wir unterscheiden uns durch pers\u00f6nliche Zuwendung, Effektivit\u00e4t, Zuverl\u00e4ssigkeit und Fachwissen.<\/p>\n\n\n\n<p>Der internationale Handel mit Rohstoffen steht in einem st\u00e4ndigen Wandel und unterliegt unterschiedlichen Faktoren, die Einfluss auf Preis und Qualit\u00e4t haben k\u00f6nnen. Es ist unsere Herausforderung, unsere Kunden in dieser dynamischen Welt mit Rat und Tat zur Seite zu stehen. Wir leisten als Vermittler Unterst\u00fctzung bei der Entscheidungsfindung, die genau auf die Bed\u00fcrfnisse beim Kauf oder Verkauf ausgerichtet ist. Unser Team konzentriert sich daher nicht ausschlie\u00dflich auf aktuelle M\u00e4rkte, sondern ist auch \u00fcber zuk\u00fcnftige Trends und Entwicklungen informiert.<\/p>\n\n\n\n<p><strong>Die B\u00fcndelung von Fachwissen, Kontakten und Erfahrung schafft seit \u00fcber 30 Jahren einen Mehrwert f\u00fcr unsere Kunden.<\/strong><\/p>\n\n\n\n<h3 class=\"wp-block-heading\">Kurzer geschichtlicher Abriss<\/h3>\n\n\n\n<ul class=\"wp-block-list\">\n<li>Bei der Gr\u00fcndung agierte das Unternehmen unter dem Namen Maatschap V&amp;V;<\/li>\n\n\n\n<li>Am 1. Mai 1996 \u00e4nderte sich der Name in V&amp;V Agriservices vof.\u00a0<\/li>\n\n\n\n<li>Ab dem 1. Januar 2001 wurde daraus V&amp;V Commodities vof.<\/li>\n\n\n\n<li>Ab dem 1. Januar 2024 ist VV COM B.V. Ihr neuer und zuverl\u00e4ssiger Partner.<\/li>\n<\/ul>\n","protected":false},"excerpt":{"rendered":"<p>Seit Anfang der 1990er Jahre ist VV COM als Vermittler im globalen Rohstoffhandel mit dem Schwerpunkt Getreide t\u00e4tig. Wir verf\u00fcgen \u00fcber ein internationales und erfahrenes Team, ein umfangreiches Netzwerk und wir unterscheiden uns durch pers\u00f6nliche Zuwendung, Effektivit\u00e4t, Zuverl\u00e4ssigkeit und Fachwissen. Der internationale Handel mit Rohstoffen steht in einem st\u00e4ndigen Wandel und unterliegt unterschiedlichen Faktoren, die&hellip;<\/p>\n","protected":false},"author":1,"featured_media":2000,"parent":0,"menu_order":0,"comment_status":"closed","ping_status":"closed","template":"","meta":{"_acf_changed":false,"footnotes":""},"class_list":["post-2179","page","type-page","status-publish","has-post-thumbnail","hentry"],"acf":[],"_links":{"self":[{"href":"https:\/\/vvcom.nl\/de\/wp-json\/wp\/v2\/pages\/2179","targetHints":{"allow":["GET"]}}],"collection":[{"href":"https:\/\/vvcom.nl\/de\/wp-json\/wp\/v2\/pages"}],"about":[{"href":"https:\/\/vvcom.nl\/de\/wp-json\/wp\/v2\/types\/page"}],"author":[{"embeddable":true,"href":"https:\/\/vvcom.nl\/de\/wp-json\/wp\/v2\/users\/1"}],"replies":[{"embeddable":true,"href":"https:\/\/vvcom.nl\/de\/wp-json\/wp\/v2\/comments?post=2179"}],"version-history":[{"count":2,"href":"https:\/\/vvcom.nl\/de\/wp-json\/wp\/v2\/pages\/2179\/revisions"}],"predecessor-version":[{"id":2252,"href":"https:\/\/vvcom.nl\/de\/wp-json\/wp\/v2\/pages\/2179\/revisions\/2252"}],"wp:featuredmedia":[{"embeddable":true,"href":"https:\/\/vvcom.nl\/de\/wp-json\/wp\/v2\/media\/2000"}],"wp:attachment":[{"href":"https:\/\/vvcom.nl\/de\/wp-json\/wp\/v2\/media?parent=2179"}],"curies":[{"name":"wp","href":"https:\/\/api.w.org\/{rel}","templated":true}]}}