{"id":2134,"date":"2023-12-05T15:09:14","date_gmt":"2023-12-05T15:09:14","guid":{"rendered":"https:\/\/vvcom.nl\/vv-com-vos-matieres-premieres-notre-defi\/"},"modified":"2023-12-14T13:27:10","modified_gmt":"2023-12-14T13:27:10","slug":"accueil","status":"publish","type":"page","link":"https:\/\/vvcom.nl\/fr\/","title":{"rendered":"Accueil"},"content":{"rendered":"\n<p>VV COM agit pour le compte de ses clients et couvre les risques li\u00e9s \u00e0 la prise de positions d\u2019achat et de vente. Avec plus de 30 ans d\u2019exp\u00e9rience, VV COM est largement reconnu pour son orientation client\u00e8le, sa fiabilit\u00e9 et son expertise. Nos atouts sont mis en valeur gr\u00e2ce \u00e0 notre vaste r\u00e9seau international d\u2019industries, de collecteurs et de n\u00e9gociants.<\/p>\n\n\n\n<p>Nous informons r\u00e9guli\u00e8rement nos clients sur les derniers d\u00e9veloppements et opportunit\u00e9s sur le march\u00e9 des mati\u00e8res premi\u00e8res. Sur la base d\u2019informations actualis\u00e9es, nous sommes en mesure de faire les bons choix en concertation avec nos clients.<\/p>\n","protected":false},"excerpt":{"rendered":"<p>VV COM agit pour le compte de ses clients et couvre les risques li\u00e9s \u00e0 la prise de positions d\u2019achat et de vente. Avec plus de 30 ans d\u2019exp\u00e9rience, VV COM est largement reconnu pour son orientation client\u00e8le, sa fiabilit\u00e9 et son expertise. Nos atouts sont mis en valeur gr\u00e2ce \u00e0 notre vaste r\u00e9seau international&hellip;<\/p>\n","protected":false},"author":1,"featured_media":0,"parent":0,"menu_order":0,"comment_status":"closed","ping_status":"closed","template":"","meta":{"_acf_changed":false,"footnotes":""},"class_list":["post-2134","page","type-page","status-publish","hentry"],"acf":[],"_links":{"self":[{"href":"https:\/\/vvcom.nl\/fr\/wp-json\/wp\/v2\/pages\/2134","targetHints":{"allow":["GET"]}}],"collection":[{"href":"https:\/\/vvcom.nl\/fr\/wp-json\/wp\/v2\/pages"}],"about":[{"href":"https:\/\/vvcom.nl\/fr\/wp-json\/wp\/v2\/types\/page"}],"author":[{"embeddable":true,"href":"https:\/\/vvcom.nl\/fr\/wp-json\/wp\/v2\/users\/1"}],"replies":[{"embeddable":true,"href":"https:\/\/vvcom.nl\/fr\/wp-json\/wp\/v2\/comments?post=2134"}],"version-history":[{"count":6,"href":"https:\/\/vvcom.nl\/fr\/wp-json\/wp\/v2\/pages\/2134\/revisions"}],"predecessor-version":[{"id":2204,"href":"https:\/\/vvcom.nl\/fr\/wp-json\/wp\/v2\/pages\/2134\/revisions\/2204"}],"wp:attachment":[{"href":"https:\/\/vvcom.nl\/fr\/wp-json\/wp\/v2\/media?parent=2134"}],"curies":[{"name":"wp","href":"https:\/\/api.w.org\/{rel}","templated":true}]}}