{"id":2185,"date":"2023-12-06T15:48:11","date_gmt":"2023-12-06T15:48:11","guid":{"rendered":"https:\/\/vvcom.nl\/mission\/"},"modified":"2023-12-14T13:50:20","modified_gmt":"2023-12-14T13:50:20","slug":"mission","status":"publish","type":"page","link":"https:\/\/vvcom.nl\/fr\/mission\/","title":{"rendered":"Mission"},"content":{"rendered":"\n<p>La population mondiale ne cesse de cro\u00eetre. Parall\u00e8lement, la demande de nourriture et de mati\u00e8res premi\u00e8res pour d\u2019autres applications telles que l\u2019\u00e9nergie augmente aussi. Le march\u00e9 international des mati\u00e8res premi\u00e8res agricoles, aliment\u00e9 par des producteurs passionn\u00e9s du monde entier, joue un r\u00f4le crucial dans notre alimentation. Un march\u00e9 en constante \u00e9volution. Il n\u2019y a pas deux saisons identiques. Les rendements varient en fonction des changements climatiques, de la s\u00e9cheresse et des pr\u00e9cipitations abondantes. La demande est soumise, entre autres, \u00e0 l\u2019\u00e9volution des habitudes alimentaires, \u00e0 l\u2019utilisation des mati\u00e8res premi\u00e8res, au d\u00e9veloppement \u00e9conomique et \u00e0 d\u2019\u00e9ventuelles mutations de la production.<\/p>\n\n\n\n<p>Dans ce march\u00e9 dynamique, le besoin de certitude est accru. VV COM offre cette certitude. Depuis plus de 30 ans, nous pratiquons le n\u00e9goce de c\u00e9r\u00e9ales et d\u2019autres produits de base dans le monde entier. Avec la diversification des activit\u00e9s, des options de transport et des zones de travail, nous sommes en mesure de g\u00e9rer les risques. Notre \u00e9quipe poss\u00e8de une exp\u00e9rience dans le domaine de l\u2019agronomie, de l\u2019\u00e9conom\u00e9trie et de la gestion des affaires. Nous tenons compte de toutes les facettes qui contribuent \u00e0 une r\u00e9partition responsable des risques sur le march\u00e9 des mati\u00e8res premi\u00e8res agricoles. Les risques sont couverts sur les march\u00e9s physiques, les march\u00e9s \u00e0 terme, \u00e0 la Bourse et avec les primes.<\/p>\n\n\n\n<h3 class=\"wp-block-heading\">Nous avons pour mission de fournir des conseils solides et fiables \u00e0 nos clients. <\/h3>\n","protected":false},"excerpt":{"rendered":"<p>La population mondiale ne cesse de cro\u00eetre. Parall\u00e8lement, la demande de nourriture et de mati\u00e8res premi\u00e8res pour d\u2019autres applications telles que l\u2019\u00e9nergie augmente aussi. Le march\u00e9 international des mati\u00e8res premi\u00e8res agricoles, aliment\u00e9 par des producteurs passionn\u00e9s du monde entier, joue un r\u00f4le crucial dans notre alimentation. Un march\u00e9 en constante \u00e9volution. Il n\u2019y a pas&hellip;<\/p>\n","protected":false},"author":1,"featured_media":2004,"parent":0,"menu_order":0,"comment_status":"closed","ping_status":"closed","template":"","meta":{"_acf_changed":false,"footnotes":""},"class_list":["post-2185","page","type-page","status-publish","has-post-thumbnail","hentry"],"acf":[],"_links":{"self":[{"href":"https:\/\/vvcom.nl\/fr\/wp-json\/wp\/v2\/pages\/2185","targetHints":{"allow":["GET"]}}],"collection":[{"href":"https:\/\/vvcom.nl\/fr\/wp-json\/wp\/v2\/pages"}],"about":[{"href":"https:\/\/vvcom.nl\/fr\/wp-json\/wp\/v2\/types\/page"}],"author":[{"embeddable":true,"href":"https:\/\/vvcom.nl\/fr\/wp-json\/wp\/v2\/users\/1"}],"replies":[{"embeddable":true,"href":"https:\/\/vvcom.nl\/fr\/wp-json\/wp\/v2\/comments?post=2185"}],"version-history":[{"count":2,"href":"https:\/\/vvcom.nl\/fr\/wp-json\/wp\/v2\/pages\/2185\/revisions"}],"predecessor-version":[{"id":2253,"href":"https:\/\/vvcom.nl\/fr\/wp-json\/wp\/v2\/pages\/2185\/revisions\/2253"}],"wp:featuredmedia":[{"embeddable":true,"href":"https:\/\/vvcom.nl\/fr\/wp-json\/wp\/v2\/media\/2004"}],"wp:attachment":[{"href":"https:\/\/vvcom.nl\/fr\/wp-json\/wp\/v2\/media?parent=2185"}],"curies":[{"name":"wp","href":"https:\/\/api.w.org\/{rel}","templated":true}]}}