{"id":2187,"date":"2023-12-08T12:44:36","date_gmt":"2023-12-08T12:44:36","guid":{"rendered":"https:\/\/vvcom.nl\/liens\/"},"modified":"2024-01-15T12:40:04","modified_gmt":"2024-01-15T12:40:04","slug":"liens","status":"publish","type":"page","link":"https:\/\/vvcom.nl\/fr\/liens\/","title":{"rendered":"Liens"},"content":{"rendered":"\n<h3 class=\"wp-block-heading\">Autres sites<\/h3>\n\n\n\n<p><a href=\"http:\/\/www.graan.com\/\" target=\"_blank\" rel=\"noopener\">Graan.com<\/a><br><a href=\"http:\/\/www.fegra.be\/\" target=\"_blank\" rel=\"noopener\">Fegra.be<\/a><br><a href=\"http:\/\/www.wxmaps.org\/\" target=\"_blank\" rel=\"noopener\">Weather and Climate Data<\/a><br><a href=\"https:\/\/www.agricensus.com\/\" data-type=\"link\" data-id=\"https:\/\/www.agricensus.com\/\" target=\"_blank\" rel=\"noopener\">Agricensus.com<\/a><br><a href=\"https:\/\/agriculture.ec.europa.eu\/data-and-analysis\/markets\/overviews\/market-observatories\/crops\/cereals-statistics_fr\" data-type=\"link\" data-id=\"https:\/\/agriculture.ec.europa.eu\/data-and-analysis\/markets\/overviews\/market-observatories\/crops\/cereals-statistics_fr\" target=\"_blank\" rel=\"noopener\">Commission europ\u00e9enne<\/a><br><a href=\"https:\/\/agridata.ec.europa.eu\/Reports\/Cereals_Dashboard.pdf\" data-type=\"link\" data-id=\"https:\/\/agridata.ec.europa.eu\/Reports\/Cereals_Dashboard.pdf\" target=\"_blank\" rel=\"noopener\">DG Agri Dashboard<\/a><\/p>\n\n\n\n<h3 class=\"wp-block-heading\">March\u00e9s \u00e0 terme et analyses graphiques<\/h3>\n\n\n\n<p><a href=\"http:\/\/www.barchart.com\/futures\/exchanges.php\" target=\"_blank\" rel=\"noopener\">Barchart.com &#8211; Futures Prices by Exchange<\/a><br><a href=\"https:\/\/live.euronext.com\/en\/product\/commodities-futures\/EBM-DPAR\" data-type=\"link\" data-id=\"https:\/\/live.euronext.com\/en\/product\/commodities-futures\/EBM-DPAR\" target=\"_blank\" rel=\"noopener\">Euronext Matif &#8211; EBM Milling Wheat<\/a><br><a href=\"https:\/\/live.euronext.com\/en\/product\/commodities-futures\/EMA-DPAR\" data-type=\"link\" data-id=\"https:\/\/live.euronext.com\/en\/product\/commodities-futures\/EMA-DPAR\" target=\"_blank\" rel=\"noopener\">Euronext Matif &#8211; EMA Corn<\/a><br><a href=\"https:\/\/live.euronext.com\/en\/product\/commodities-futures\/ECO-DPAR\" data-type=\"link\" data-id=\"https:\/\/live.euronext.com\/en\/product\/commodities-futures\/ECO-DPAR\" target=\"_blank\" rel=\"noopener\">Euronext Matif &#8211; ECO Rapeseed<\/a><br><a href=\"http:\/\/www.cmegroup.com\/trading\/agricultural\/grain-and-oilseed\/wheat.html\" target=\"_blank\" rel=\"noopener\">CME Group &#8211; CBOT Wheat Futures Quotes<\/a><br><a href=\"http:\/\/www.cmegroup.com\/trading\/agricultural\/grain-and-oilseed\/corn.html\" target=\"_blank\" rel=\"noopener\">CME Group &#8211; CBOT Corn Futures Quotes<\/a><br><a href=\"https:\/\/www.cmegroup.com\/markets\/agriculture\/oilseeds\/soybean.html\" target=\"_blank\" rel=\"noopener\">CME Group &#8211; CBOT Soybean Futures Quotes<\/a><br><a href=\"https:\/\/www.cmegroup.com\/markets\/agriculture\/grains\/kc-wheat.html#venue=globex\" data-type=\"link\" data-id=\"https:\/\/www.cmegroup.com\/markets\/agriculture\/grains\/kc-wheat.html#venue=globex\" target=\"_blank\" rel=\"noopener\">CME Group &#8211; KCBT Wheat Futures Quotes<\/a><\/p>\n","protected":false},"excerpt":{"rendered":"<p>Autres sites Graan.comFegra.beWeather and Climate DataAgricensus.comCommission europ\u00e9enneDG Agri Dashboard March\u00e9s \u00e0 terme et analyses graphiques Barchart.com &#8211; Futures Prices by ExchangeEuronext Matif &#8211; EBM Milling WheatEuronext Matif &#8211; EMA CornEuronext Matif &#8211; ECO RapeseedCME Group &#8211; CBOT Wheat Futures QuotesCME Group &#8211; CBOT Corn Futures QuotesCME Group &#8211; CBOT Soybean Futures QuotesCME Group &#8211; KCBT&hellip;<\/p>\n","protected":false},"author":1,"featured_media":1567,"parent":0,"menu_order":0,"comment_status":"closed","ping_status":"closed","template":"","meta":{"_acf_changed":false,"footnotes":""},"class_list":["post-2187","page","type-page","status-publish","has-post-thumbnail","hentry"],"acf":[],"_links":{"self":[{"href":"https:\/\/vvcom.nl\/fr\/wp-json\/wp\/v2\/pages\/2187","targetHints":{"allow":["GET"]}}],"collection":[{"href":"https:\/\/vvcom.nl\/fr\/wp-json\/wp\/v2\/pages"}],"about":[{"href":"https:\/\/vvcom.nl\/fr\/wp-json\/wp\/v2\/types\/page"}],"author":[{"embeddable":true,"href":"https:\/\/vvcom.nl\/fr\/wp-json\/wp\/v2\/users\/1"}],"replies":[{"embeddable":true,"href":"https:\/\/vvcom.nl\/fr\/wp-json\/wp\/v2\/comments?post=2187"}],"version-history":[{"count":7,"href":"https:\/\/vvcom.nl\/fr\/wp-json\/wp\/v2\/pages\/2187\/revisions"}],"predecessor-version":[{"id":2551,"href":"https:\/\/vvcom.nl\/fr\/wp-json\/wp\/v2\/pages\/2187\/revisions\/2551"}],"wp:featuredmedia":[{"embeddable":true,"href":"https:\/\/vvcom.nl\/fr\/wp-json\/wp\/v2\/media\/1567"}],"wp:attachment":[{"href":"https:\/\/vvcom.nl\/fr\/wp-json\/wp\/v2\/media?parent=2187"}],"curies":[{"name":"wp","href":"https:\/\/api.w.org\/{rel}","templated":true}]}}