{"id":2191,"date":"2023-12-12T14:30:07","date_gmt":"2023-12-12T14:30:07","guid":{"rendered":"https:\/\/vvcom.nl\/qui-sommes-nous\/"},"modified":"2023-12-14T13:51:15","modified_gmt":"2023-12-14T13:51:15","slug":"qui-sommes-nous","status":"publish","type":"page","link":"https:\/\/vvcom.nl\/fr\/qui-sommes-nous\/","title":{"rendered":"Qui sommes-nous"},"content":{"rendered":"\n<p>Depuis le d\u00e9but des ann\u00e9es 1990, VV COM op\u00e8re comme interm\u00e9diaire dans le commerce mondial des mati\u00e8res premi\u00e8res et se concentre tout particuli\u00e8rement sur le march\u00e9 des c\u00e9r\u00e9ales. Nous disposons d\u2019une \u00e9quipe internationale et exp\u00e9riment\u00e9e, d\u2019un vaste r\u00e9seau et nous nous distinguons par notre attention personnelle, notre efficacit\u00e9, notre fiabilit\u00e9 et notre expertise.<\/p>\n\n\n\n<p>Le commerce international des mati\u00e8res premi\u00e8res est en constante \u00e9volution et soumis \u00e0 divers facteurs qui peuvent affecter le prix et la qualit\u00e9. Notre d\u00e9fi est d\u2019accompagner nos clients dans ce monde dynamique. En tant qu\u2019interm\u00e9diaire, nous vous aidons \u00e0 faire les bons choix qui correspondent parfaitement aux besoins d\u2019achat ou de vente. Notre \u00e9quipe attache non seulement de l\u2019importance aux march\u00e9s actuels, mais suit \u00e9galement les tendances et des d\u00e9veloppements futurs.<\/p>\n\n\n\n<p><strong>La combinaison de l\u2019expertise, des contacts et de l\u2019exp\u00e9rience se traduit par une valeur ajout\u00e9e pour nos clients depuis plus de 30 ans.<\/strong><\/p>\n\n\n\n<h3 class=\"wp-block-heading\">Bref historique<\/h3>\n\n\n\n<ul class=\"wp-block-list\">\n<li>Lors de sa cr\u00e9ation, l\u2019entreprise portait le nom de Maatschap V&amp;V ;<\/li>\n\n\n\n<li>Le 1er mai 1996, ce partenariat est devenu V&amp;V Agriservices vof.<\/li>\n\n\n\n<li>Le 1er janvier 2001, il devient V&amp;V Commodities vof.<\/li>\n\n\n\n<li>Depuis le 1er janvier 2024, votre partenaire de confiance porte le nom de VV COM B.V.<\/li>\n<\/ul>\n","protected":false},"excerpt":{"rendered":"<p>Depuis le d\u00e9but des ann\u00e9es 1990, VV COM op\u00e8re comme interm\u00e9diaire dans le commerce mondial des mati\u00e8res premi\u00e8res et se concentre tout particuli\u00e8rement sur le march\u00e9 des c\u00e9r\u00e9ales. Nous disposons d\u2019une \u00e9quipe internationale et exp\u00e9riment\u00e9e, d\u2019un vaste r\u00e9seau et nous nous distinguons par notre attention personnelle, notre efficacit\u00e9, notre fiabilit\u00e9 et notre expertise. Le commerce&hellip;<\/p>\n","protected":false},"author":1,"featured_media":1999,"parent":0,"menu_order":0,"comment_status":"closed","ping_status":"closed","template":"","meta":{"_acf_changed":false,"footnotes":""},"class_list":["post-2191","page","type-page","status-publish","has-post-thumbnail","hentry"],"acf":[],"_links":{"self":[{"href":"https:\/\/vvcom.nl\/fr\/wp-json\/wp\/v2\/pages\/2191","targetHints":{"allow":["GET"]}}],"collection":[{"href":"https:\/\/vvcom.nl\/fr\/wp-json\/wp\/v2\/pages"}],"about":[{"href":"https:\/\/vvcom.nl\/fr\/wp-json\/wp\/v2\/types\/page"}],"author":[{"embeddable":true,"href":"https:\/\/vvcom.nl\/fr\/wp-json\/wp\/v2\/users\/1"}],"replies":[{"embeddable":true,"href":"https:\/\/vvcom.nl\/fr\/wp-json\/wp\/v2\/comments?post=2191"}],"version-history":[{"count":2,"href":"https:\/\/vvcom.nl\/fr\/wp-json\/wp\/v2\/pages\/2191\/revisions"}],"predecessor-version":[{"id":2254,"href":"https:\/\/vvcom.nl\/fr\/wp-json\/wp\/v2\/pages\/2191\/revisions\/2254"}],"wp:featuredmedia":[{"embeddable":true,"href":"https:\/\/vvcom.nl\/fr\/wp-json\/wp\/v2\/media\/1999"}],"wp:attachment":[{"href":"https:\/\/vvcom.nl\/fr\/wp-json\/wp\/v2\/media?parent=2191"}],"curies":[{"name":"wp","href":"https:\/\/api.w.org\/{rel}","templated":true}]}}